{"id":4945,"date":"2021-05-07T12:21:38","date_gmt":"2021-05-07T17:21:38","guid":{"rendered":"http:\/\/localhost\/ori\/?page_id=4900"},"modified":"2021-05-14T16:19:32","modified_gmt":"2021-05-14T21:19:32","slug":"benefits-of-the-hec-montreal-up-double-degree-program","status":"publish","type":"page","link":"https:\/\/ori.up.edu.pe\/en\/double-degree-programs\/double-degree-hec-montreal-up\/benefits-of-the-hec-montreal-up-double-degree-program\/","title":{"rendered":"Benefits"},"content":{"rendered":"<p>Business Administration Students who enroll in this program will be able to obtain two academic degrees: Bachelor of Business Administration from Universidad del Pac\u00edfico and Bachelor of Business Administration from HEC Montr\u00e9al.<\/p>\n<p>HEC Montr\u00e9al is a triple crown educational institution, which means it is accredited by the three most influential international associations: The Association to Advance Collegiate Schools of Business (AACSB), The <a href=\"https:\/\/es.wikipedia.org\/w\/index.php?title=European_Quality_Improvement_System&amp;action=edit&amp;redlink=1\">European Quality Improvement System<\/a>\u00a0 (EQUIS)\u00a0 y The Association of MBA\u2019s\u00a0 (AMBA).<\/p>\n","protected":false},"excerpt":{"rendered":"<p>Business Administration Students who enroll in this program will be able to obtain two academic degrees: Bachelor of Business Administration from Universidad del Pac\u00edfico and Bachelor of Business Administration from HEC Montr\u00e9al. HEC Montr\u00e9al is a triple crown educational institution, which means it is accredited by the three most influential international associations: The Association to [&hellip;]<\/p>\n","protected":false},"author":5,"featured_media":3248,"parent":4944,"menu_order":0,"comment_status":"closed","ping_status":"closed","template":"page-detalle2.php","meta":{"_acf_changed":false,"footnotes":""},"class_list":["post-4945","page","type-page","status-publish","has-post-thumbnail","hentry"],"acf":[],"_links":{"self":[{"href":"https:\/\/ori.up.edu.pe\/en\/wp-json\/wp\/v2\/pages\/4945","targetHints":{"allow":["GET"]}}],"collection":[{"href":"https:\/\/ori.up.edu.pe\/en\/wp-json\/wp\/v2\/pages"}],"about":[{"href":"https:\/\/ori.up.edu.pe\/en\/wp-json\/wp\/v2\/types\/page"}],"author":[{"embeddable":true,"href":"https:\/\/ori.up.edu.pe\/en\/wp-json\/wp\/v2\/users\/5"}],"replies":[{"embeddable":true,"href":"https:\/\/ori.up.edu.pe\/en\/wp-json\/wp\/v2\/comments?post=4945"}],"version-history":[{"count":1,"href":"https:\/\/ori.up.edu.pe\/en\/wp-json\/wp\/v2\/pages\/4945\/revisions"}],"predecessor-version":[{"id":4973,"href":"https:\/\/ori.up.edu.pe\/en\/wp-json\/wp\/v2\/pages\/4945\/revisions\/4973"}],"up":[{"embeddable":true,"href":"https:\/\/ori.up.edu.pe\/en\/wp-json\/wp\/v2\/pages\/4944"}],"wp:featuredmedia":[{"embeddable":true,"href":"https:\/\/ori.up.edu.pe\/en\/wp-json\/wp\/v2\/media\/3248"}],"wp:attachment":[{"href":"https:\/\/ori.up.edu.pe\/en\/wp-json\/wp\/v2\/media?parent=4945"}],"curies":[{"name":"wp","href":"https:\/\/api.w.org\/{rel}","templated":true}]}}