{"id":4549,"date":"2021-04-28T17:15:20","date_gmt":"2021-04-28T22:15:20","guid":{"rendered":"https:\/\/ori.up.edu.pe\/?page_id=4549"},"modified":"2021-04-30T18:53:31","modified_gmt":"2021-04-30T23:53:31","slug":"contact","status":"publish","type":"page","link":"https:\/\/ori.up.edu.pe\/en\/graduate-studies\/contact\/","title":{"rendered":"Contact"},"content":{"rendered":"<h2>Contact us:<\/h2>\n<p><strong><i class=\"fas fa-envelope\"><\/i> Email:<\/strong> <a href=\"mailto:ori.postgrado@up.edu.pe\">ori.postgrado@up.edu.pe<\/a><\/p>\n<p><strong><i class=\"fas fa-phone\"><\/i> Phone:<\/strong> (+511) 2190100<\/p>\n<p><strong><i class=\"fas fa-map-marker-alt\"><\/i> Address:<\/strong><br \/>\n<span class=\"direccion-contacto\">Pabell\u00f3n J, oficina J-314<br \/>\nAv. S\u00e1nchez Cerro 2098<br \/>\nJes\u00fas Mar\u00eda 15072<br \/>\nLima &#8211; Per\u00fa<\/span><\/p>\n","protected":false},"excerpt":{"rendered":"<p>Contact us: Email: ori.postgrado@up.edu.pe Phone: (+511) 2190100 Address: Pabell\u00f3n J, oficina J-314 Av. S\u00e1nchez Cerro 2098 Jes\u00fas Mar\u00eda 15072 Lima &#8211; Per\u00fa<\/p>\n","protected":false},"author":2,"featured_media":0,"parent":4530,"menu_order":0,"comment_status":"closed","ping_status":"closed","template":"page-detalle1.php","meta":{"_acf_changed":false,"footnotes":""},"class_list":["post-4549","page","type-page","status-publish","hentry"],"acf":[],"_links":{"self":[{"href":"https:\/\/ori.up.edu.pe\/en\/wp-json\/wp\/v2\/pages\/4549","targetHints":{"allow":["GET"]}}],"collection":[{"href":"https:\/\/ori.up.edu.pe\/en\/wp-json\/wp\/v2\/pages"}],"about":[{"href":"https:\/\/ori.up.edu.pe\/en\/wp-json\/wp\/v2\/types\/page"}],"author":[{"embeddable":true,"href":"https:\/\/ori.up.edu.pe\/en\/wp-json\/wp\/v2\/users\/2"}],"replies":[{"embeddable":true,"href":"https:\/\/ori.up.edu.pe\/en\/wp-json\/wp\/v2\/comments?post=4549"}],"version-history":[{"count":8,"href":"https:\/\/ori.up.edu.pe\/en\/wp-json\/wp\/v2\/pages\/4549\/revisions"}],"predecessor-version":[{"id":4902,"href":"https:\/\/ori.up.edu.pe\/en\/wp-json\/wp\/v2\/pages\/4549\/revisions\/4902"}],"up":[{"embeddable":true,"href":"https:\/\/ori.up.edu.pe\/en\/wp-json\/wp\/v2\/pages\/4530"}],"wp:attachment":[{"href":"https:\/\/ori.up.edu.pe\/en\/wp-json\/wp\/v2\/media?parent=4549"}],"curies":[{"name":"wp","href":"https:\/\/api.w.org\/{rel}","templated":true}]}}